{"id":1041,"date":"2020-09-15T10:28:06","date_gmt":"2020-09-15T10:28:06","guid":{"rendered":"http:\/\/grupopakmary.com.mx\/index.php\/about\/"},"modified":"2025-06-06T11:46:38","modified_gmt":"2025-06-06T17:46:38","slug":"acerca-de-nosotros","status":"publish","type":"page","link":"https:\/\/grupopakmary.com.mx\/index.php\/acerca-de-nosotros\/","title":{"rendered":"Nosotros"},"content":{"rendered":"\n<div class=\"wp-block-uagb-container uagb-block-dd8edd41 alignfull uagb-is-root-container\"><div class=\"uagb-container-inner-blocks-wrap\">\n<div class=\"wp-block-uagb-advanced-heading uagb-block-ccdade6c\"><h1 class=\"uagb-heading-text\">NOSOTROS<\/h1><\/div>\n<\/div><\/div>\n\n\n\n<div data-aos= \"fade\" data-aos-duration=\"400\" data-aos-delay=\"0\" data-aos-easing=\"ease\" data-aos-once=\"true\" class=\"wp-block-uagb-container uagb-block-66324d67 alignfull uagb-is-root-container\"><div class=\"uagb-container-inner-blocks-wrap\">\n<div data-aos= \"fade-down\" data-aos-duration=\"400\" data-aos-delay=\"0\" data-aos-easing=\"ease\" data-aos-once=\"true\" class=\"wp-block-uagb-advanced-heading uagb-block-e7fbcf9e\"><h2 class=\"uagb-heading-text\">GRUPO PAKMARY S.A. DE C.V.<\/h2><\/div>\n\n\n\n<pre class=\"wp-block-verse has-text-align-center has-medium-font-size\" style=\"font-style:italic;font-weight:700;line-height:1.9;text-transform:none\">Somos una empresa fundada en el Estado de M\u00e9xico, con el prop\u00f3sito de\nofrecer soluciones a problem\u00e1ticas y necesidades de la industria del\nsector p\u00fablico y privado relacionadas con la construcci\u00f3n, obra civil,\nobra mec\u00e1nica, obra el\u00e9ctrica, instrumentaci\u00f3n y control; as\u00ed como\nproyectos llave en mano.\nContamos con la experiencia que nos ha permitido formar un equipo de\nprofesionales comprometidos en satisfacer las necesidades de nuestros\nclientes, podemos desarrollar diferentes esquemas de contrataci\u00f3n\ncomo precio unitario, precio alzado, precio m\u00e1ximo garantizado o la\nforma que nuestros clientes planteen.\nEn todos los proyectos que realizamos asignamos un grupo de personal\nmultidisciplinario especializado en su \u00e1rea para la correcta ejecuci\u00f3n y\nmanejo de los aspectos de administraci\u00f3n, supervisi\u00f3n de obra,\nseguridad y calidad; as\u00ed como tambi\u00e9n resoluci\u00f3n de problemas t\u00e9cnicos\nque nos permite la entrega a tiempo y dentro del presupuesto\nestablecido.\n<\/pre>\n\n\n\n<p><\/p>\n<\/div><\/div>\n\n\n\n<h2 class=\"wp-block-heading\">Nuestros valores.<\/h2>\n\n\n\n<h2 class=\"wp-block-heading has-medium-font-size\" style=\"font-style:normal;font-weight:500\">GRUPO PAKMARY S.A de C.V en su camino por crear una cultura organizacional fuerte y s\u00f3lida, se constituye mediante 08 valores principales: <\/h2>\n\n\n\n<div class=\"wp-block-uagb-container uagb-block-5e05752c alignfull uagb-is-root-container\"><div class=\"uagb-container-inner-blocks-wrap\">\n<div class=\"wp-block-uagb-container uagb-block-a9e50a1f\">\n<div class=\"wp-block-uagb-info-box uagb-block-450c6fec uagb-infobox__content-wrap  uagb-infobox-icon-above-title uagb-infobox-image-valign-top\"><div class=\"uagb-ifb-content\"><div class=\"uagb-ifb-icon-wrap\"><svg xmlns=\"https:\/\/www.w3.org\/2000\/svg\" viewBox=\"0 0 640 512\"><path d=\"M208 112C208 50.14 258.1 0 320 0C381.9 0 432 50.14 432 112C432 173.9 381.9 224 320 224C258.1 224 208 173.9 208 112zM80 258.7L140.3 339C149.7 351.6 167.7 353.8 179.9 343.8C190.4 335.1 193.1 319.1 186 308.3L164.6 272.5C155.9 258 159.9 239.3 173.7 229.7C187.6 220.1 206.5 222.9 216.1 236L263.5 294.1C279.3 313.1 288 338.6 288 364.1V480C288 497.7 273.7 512 256 512H160C150.3 512 141.1 507.6 135 499.1L14.02 348.8C4.946 337.4 0 323.3 0 308.8V103.1C0 81.91 17.91 63.1 40 63.1C62.09 63.1 80 81.91 80 103.1V258.7zM640 104V308.8C640 323.3 635.1 337.4 625.1 348.8L504.1 499.1C498.9 507.6 489.7 512 480 512H384C366.3 512 352 497.7 352 480V364.1C352 338.6 360.7 313.1 376.5 294.1L423 236C433.5 222.9 452.4 220.1 466.3 229.7C480.1 239.3 484.1 258 475.4 272.5L453.1 308.3C446.9 319.1 449.6 335.1 460.2 343.8C472.3 353.8 490.3 351.6 499.7 339L560 258.7V104C560 81.91 577.9 64 600 64C622.1 64 640 81.91 640 104V104z\"><\/path><\/svg><\/div><div class=\"uagb-ifb-title-wrap\"><h3 class=\"uagb-ifb-title\">HONESTIDAD:<\/h3><\/div><p class=\"uagb-ifb-desc\">La transparencia, sinceridad y franqueza la utilizamos como herramienta para ganar la confianza y credibilidad de nuestros colabores, clientes y otras partes interesadas, compartiendo nuestras metas, avances y desaf\u00edos clim\u00e1ticos con colaboradores, clientes y aliados estrat\u00e9gicos.<br><br><\/p><\/div><\/div>\n<\/div>\n\n\n\n<div class=\"wp-block-uagb-container uagb-block-e0d4a2bc\">\n<div class=\"wp-block-uagb-info-box uagb-block-841d10bd uagb-infobox__content-wrap  uagb-infobox-icon-above-title uagb-infobox-image-valign-top\"><div class=\"uagb-ifb-content\"><div class=\"uagb-ifb-icon-wrap\"><svg xmlns=\"https:\/\/www.w3.org\/2000\/svg\" viewBox=\"0 0 512 512\"><path d=\"M223.7 130.8L149.1 7.77C147.1 2.949 141.9 0 136.3 0H16.03c-12.95 0-20.53 14.58-13.1 25.18l111.3 158.9C143.9 156.4 181.7 137.3 223.7 130.8zM256 160c-97.25 0-176 78.75-176 176S158.8 512 256 512s176-78.75 176-176S353.3 160 256 160zM348.5 317.3l-37.88 37l8.875 52.25c1.625 9.25-8.25 16.5-16.63 12l-46.88-24.62L209.1 418.5c-8.375 4.5-18.25-2.75-16.63-12l8.875-52.25l-37.88-37C156.6 310.6 160.5 299 169.9 297.6l52.38-7.625L245.7 242.5c2-4.25 6.125-6.375 10.25-6.375S264.2 238.3 266.2 242.5l23.5 47.5l52.38 7.625C351.6 299 355.4 310.6 348.5 317.3zM495.1 0H375.7c-5.621 0-10.83 2.949-13.72 7.77l-73.76 122.1c42 6.5 79.88 25.62 109.5 53.38l111.3-158.9C516.5 14.58 508.9 0 495.1 0z\"><\/path><\/svg><\/div><div class=\"uagb-ifb-title-wrap\"><h3 class=\"uagb-ifb-title\">CALIDAD:<\/h3><\/div><p class=\"uagb-ifb-desc\">Aplicamos pr\u00e1cticas constructivas que minimicen el impacto ambiental, incorporando eficiencia energ\u00e9tica, materiales sostenibles y cumplimiento con normativas ambientales para asegurar una calidad integral y responsable con el planeta.<br><br><br><\/p><\/div><\/div>\n<\/div>\n\n\n\n<div class=\"wp-block-uagb-container uagb-block-f88561ed\">\n<div class=\"wp-block-uagb-info-box uagb-block-fc1f942c uagb-infobox__content-wrap  uagb-infobox-icon-above-title uagb-infobox-image-valign-top\"><div class=\"uagb-ifb-content\"><div class=\"uagb-ifb-icon-wrap\"><svg xmlns=\"https:\/\/www.w3.org\/2000\/svg\" viewBox=\"0 0 512 512\"><path d=\"M256 512C114.6 512 0 397.4 0 256C0 114.6 114.6 0 256 0C397.4 0 512 114.6 512 256C512 397.4 397.4 512 256 512zM232 256C232 264 236 271.5 242.7 275.1L338.7 339.1C349.7 347.3 364.6 344.3 371.1 333.3C379.3 322.3 376.3 307.4 365.3 300L280 243.2V120C280 106.7 269.3 96 255.1 96C242.7 96 231.1 106.7 231.1 120L232 256z\"><\/path><\/svg><\/div><div class=\"uagb-ifb-title-wrap\"><h3 class=\"uagb-ifb-title\">PUNTUALIDAD:<\/h3><\/div><p class=\"uagb-ifb-desc\">Somos respetuosos con los plazos de entrega de nuestros servicios y productos.<br><br><br><br><br><br><br><br><\/p><\/div><\/div>\n<\/div>\n\n\n\n<div class=\"wp-block-uagb-container uagb-block-38b62655\">\n<div class=\"wp-block-uagb-info-box uagb-block-808af347 uagb-infobox__content-wrap  uagb-infobox-icon-above-title uagb-infobox-image-valign-top\"><div class=\"uagb-ifb-content\"><div class=\"uagb-ifb-icon-wrap\"><svg xmlns=\"https:\/\/www.w3.org\/2000\/svg\" viewBox=\"0 0 512 512\"><path d=\"M32 32C49.67 32 64 46.33 64 64V400C64 408.8 71.16 416 80 416H480C497.7 416 512 430.3 512 448C512 465.7 497.7 480 480 480H80C35.82 480 0 444.2 0 400V64C0 46.33 14.33 32 32 32zM160 224C177.7 224 192 238.3 192 256V320C192 337.7 177.7 352 160 352C142.3 352 128 337.7 128 320V256C128 238.3 142.3 224 160 224zM288 320C288 337.7 273.7 352 256 352C238.3 352 224 337.7 224 320V160C224 142.3 238.3 128 256 128C273.7 128 288 142.3 288 160V320zM352 192C369.7 192 384 206.3 384 224V320C384 337.7 369.7 352 352 352C334.3 352 320 337.7 320 320V224C320 206.3 334.3 192 352 192zM480 320C480 337.7 465.7 352 448 352C430.3 352 416 337.7 416 320V96C416 78.33 430.3 64 448 64C465.7 64 480 78.33 480 96V320z\"><\/path><\/svg><\/div><div class=\"uagb-ifb-title-wrap\"><h3 class=\"uagb-ifb-title\">COMPETITIVIDAD:<\/h3><\/div><p class=\"uagb-ifb-desc\">Ser competitivos significa estar a la vanguardia de la construcci\u00f3n sostenible.<br><br><br><br><br><br><br><br><\/p><\/div><\/div>\n<\/div>\n<\/div><\/div>\n\n\n\n<div class=\"wp-block-uagb-container uagb-block-65bf6ca6 alignfull uagb-is-root-container\"><div class=\"uagb-container-inner-blocks-wrap\">\n<div class=\"wp-block-uagb-container uagb-block-96bcdac9\">\n<div class=\"wp-block-uagb-info-box uagb-block-3536d62d uagb-infobox__content-wrap  uagb-infobox-icon-above-title uagb-infobox-image-valign-top\"><div class=\"uagb-ifb-content\"><div class=\"uagb-ifb-icon-wrap\"><svg xmlns=\"https:\/\/www.w3.org\/2000\/svg\" viewBox=\"0 0 640 512\"><path d=\"M95.1 64C95.1 28.65 124.7 0 159.1 0C195.3 0 223.1 28.65 223.1 64C223.1 99.35 195.3 128 159.1 128C124.7 128 95.1 99.35 95.1 64zM88 480V400H70.2C59.28 400 51.57 389.3 55.02 378.9L86.16 285.5L57.5 323.3C46.82 337.4 26.75 340.2 12.67 329.5C-1.415 318.8-4.175 298.7 6.503 284.7L65.4 206.1C87.84 177.4 122.9 160 160 160C197.2 160 232.2 177.4 254.6 206.1L313.5 284.7C324.2 298.7 321.4 318.8 307.3 329.5C293.3 340.2 273.2 337.4 262.5 323.3L233.9 285.6L264.1 378.9C268.4 389.3 260.7 400 249.8 400H232V480C232 497.7 217.7 512 200 512C182.3 512 168 497.7 168 480V400H152V480C152 497.7 137.7 512 120 512C102.3 512 88 497.7 88 480H88zM416 64C416 28.65 444.7 0 480 0C515.3 0 544 28.65 544 64C544 99.35 515.3 128 480 128C444.7 128 416 99.35 416 64V64zM472 384V480C472 497.7 457.7 512 440 512C422.3 512 408 497.7 408 480V300.5L395.1 321C385.7 336 365.9 340.5 350.1 331.1C336 321.7 331.5 301.9 340.9 286.1L392.6 204.9C410.2 176.9 440.9 159.1 473.8 159.1H486.2C519.2 159.1 549.8 176.9 567.4 204.9L619.1 286.1C628.5 301.9 624 321.7 609 331.1C594.1 340.5 574.3 336 564.9 321L552 300.5V480C552 497.7 537.7 512 520 512C502.3 512 488 497.7 488 480V384L472 384z\"><\/path><\/svg><\/div><div class=\"uagb-ifb-title-wrap\"><h3 class=\"uagb-ifb-title\">TRABAJO EN EQUIPO:<\/h3><\/div><p class=\"uagb-ifb-desc\">Unimos esfuerzos para crear una cultura organizacional que promueva la sostenibilidad , donde cada colaborador entienda su rol, donde la tolerancia, lealtad, respeto, la admiraci\u00f3n y la consideraci\u00f3n son prioridad.<br><br><br><\/p><\/div><\/div>\n<\/div>\n\n\n\n<div class=\"wp-block-uagb-container uagb-block-da77c44e\">\n<div class=\"wp-block-uagb-info-box uagb-block-b22f4536 uagb-infobox__content-wrap  uagb-infobox-icon-above-title uagb-infobox-image-valign-top\"><div class=\"uagb-ifb-content\"><div class=\"uagb-ifb-icon-wrap\"><svg xmlns=\"https:\/\/www.w3.org\/2000\/svg\" viewBox=\"0 0 448 512\"><path d=\"M160 80C160 53.49 181.5 32 208 32H240C266.5 32 288 53.49 288 80V432C288 458.5 266.5 480 240 480H208C181.5 480 160 458.5 160 432V80zM0 272C0 245.5 21.49 224 48 224H80C106.5 224 128 245.5 128 272V432C128 458.5 106.5 480 80 480H48C21.49 480 0 458.5 0 432V272zM400 96C426.5 96 448 117.5 448 144V432C448 458.5 426.5 480 400 480H368C341.5 480 320 458.5 320 432V144C320 117.5 341.5 96 368 96H400z\"><\/path><\/svg><\/div><div class=\"uagb-ifb-title-wrap\"><h3 class=\"uagb-ifb-title\">ORIENTACION AL CLIENTE:<\/h3><\/div><p class=\"uagb-ifb-desc\">Escuchamos las necesidades de nuestros clientes, ofrecemos\u00a0 opciones de construcci\u00f3n responsables.<br><br><br><br><br><\/p><\/div><\/div>\n<\/div>\n\n\n\n<div class=\"wp-block-uagb-container uagb-block-7f6b30fd\">\n<div class=\"wp-block-uagb-info-box uagb-block-6c2c5713 uagb-infobox__content-wrap  uagb-infobox-icon-above-title uagb-infobox-image-valign-top\"><div class=\"uagb-ifb-content\"><div class=\"uagb-ifb-icon-wrap\"><svg xmlns=\"https:\/\/www.w3.org\/2000\/svg\" viewBox=\"0 0 576 512\"><path d=\"M352.4 243.8l-49.83 99.5c-6.009 12-23.41 11.62-28.92-.625L216.7 216.3l-30.05 71.75L88.55 288l176.4 182.2c12.66 13.07 33.36 13.07 46.03 0l176.4-182.2l-112.1 .0052L352.4 243.8zM495.2 62.86c-54.36-46.98-137.5-38.5-187.5 13.06L288 96.25L268.3 75.92C218.3 24.36 135.2 15.88 80.81 62.86C23.37 112.5 16.84 197.6 60.18 256h105l35.93-86.25c5.508-12.88 23.66-13.12 29.54-.375l58.21 129.4l49.07-98c5.884-11.75 22.78-11.75 28.67 0l27.67 55.25h121.5C559.2 197.6 552.6 112.5 495.2 62.86z\"><\/path><\/svg><\/div><div class=\"uagb-ifb-title-wrap\"><h3 class=\"uagb-ifb-title\">RESPONSABILIDAD SOCIAL:<\/h3><\/div><p class=\"uagb-ifb-desc\">Preservamos la cultura que una responsabilidad social contribuye al crecimiento de nuestra organizaci\u00f3n haci\u00e9ndola m\u00e1s fuerte y sostenida, logrando a su vez la inclusi\u00f3n, equidad y respeto por el entorno social y al medio ambiente.<br><br><\/p><\/div><\/div>\n<\/div>\n\n\n\n<div class=\"wp-block-uagb-container uagb-block-cc0ae920\">\n<div class=\"wp-block-uagb-container uagb-block-93b15f87\">\n<div class=\"wp-block-uagb-info-box uagb-block-4086805b uagb-infobox__content-wrap  uagb-infobox-icon-above-title uagb-infobox-image-valign-top\"><div class=\"uagb-ifb-content\"><div class=\"uagb-ifb-icon-wrap\"><svg xmlns=\"https:\/\/www.w3.org\/2000\/svg\" viewBox=\"0 0 384 512\"><path d=\"M256 64C256 99.35 227.3 128 192 128C156.7 128 128 99.35 128 64C128 28.65 156.7 0 192 0C227.3 0 256 28.65 256 64zM155.7 170.2C167.3 173.1 179.6 176 192.2 176C232.1 176 269.3 155.8 291 122.4L309.2 94.54C318.8 79.73 338.6 75.54 353.5 85.18C368.3 94.82 372.5 114.6 362.8 129.5L344.7 157.3C326.4 185.4 301.2 207.3 272 221.6V480C272 497.7 257.7 512 240 512C222.3 512 208 497.7 208 480V384H176V480C176 497.7 161.7 512 144 512C126.3 512 112 497.7 112 480V221.4C83.63 207.4 58.94 186.1 40.87 158.1L21.37 129.8C11.57 115 15.54 95.18 30.25 85.37C44.95 75.57 64.82 79.54 74.62 94.25L94.12 123.5C108.5 145 129.2 160.9 152.9 169.3C153.9 169.5 154.8 169.8 155.7 170.2V170.2z\"><\/path><\/svg><\/div><div class=\"uagb-ifb-title-wrap\"><h3 class=\"uagb-ifb-title\">RESOLUCION DE PROBLEMAS:<\/h3><\/div><p class=\"uagb-ifb-desc\">Creamos espacios de di\u00e1logos para el planteo de ideas y proponer soluciones inmediatas.<br><br><br><br><br><br><\/p><\/div><\/div>\n<\/div>\n<\/div>\n<\/div><\/div>\n\n\n\n<div data-aos= \"slide-right\" data-aos-duration=\"400\" data-aos-delay=\"0\" data-aos-easing=\"ease\" data-aos-once=\"true\" class=\"wp-block-uagb-container uagb-block-308d73aa alignfull uagb-is-root-container\"><div class=\"uagb-container-inner-blocks-wrap\">\n<figure class=\"wp-block-image aligncenter size-full\"><img loading=\"lazy\" decoding=\"async\" width=\"846\" height=\"470\" src=\"https:\/\/grupopakmary.com.mx\/wp-content\/uploads\/2023\/12\/SISTEMA-DE-TRABAJO.jpg\" alt=\"\" class=\"wp-image-1250\" srcset=\"https:\/\/grupopakmary.com.mx\/wp-content\/uploads\/2023\/12\/SISTEMA-DE-TRABAJO.jpg 846w, https:\/\/grupopakmary.com.mx\/wp-content\/uploads\/2023\/12\/SISTEMA-DE-TRABAJO-300x167.jpg 300w, https:\/\/grupopakmary.com.mx\/wp-content\/uploads\/2023\/12\/SISTEMA-DE-TRABAJO-768x427.jpg 768w\" sizes=\"auto, (max-width: 846px) 100vw, 846px\" \/><\/figure>\n<\/div><\/div>\n\n\n\n<div class=\"wp-block-uagb-container uagb-block-a24f4459 alignfull uagb-is-root-container\"><div class=\"uagb-container-inner-blocks-wrap\">\n<div class=\"wp-block-uagb-container uagb-block-8e954d04\">\n<div class=\"wp-block-uagb-container uagb-block-f0f8e574\">\n<div class=\"wp-block-uagb-advanced-heading uagb-block-b40acca8\"><\/div>\n\n\n\n<div data-aos= \"zoom-in-right\" data-aos-duration=\"400\" data-aos-delay=\"0\" data-aos-easing=\"ease\" data-aos-once=\"true\" class=\"wp-block-uagb-advanced-heading uagb-block-4be81073\"><h2 class=\"uagb-heading-text\">N\u00fameros que hablan de nuestro equipo\u200b<\/h2><\/div>\n<\/div>\n\n\n\n<div class=\"wp-block-uagb-container uagb-block-27364e64\">\n<div data-aos= \"zoom-in-right\" data-aos-duration=\"400\" data-aos-delay=\"0\" data-aos-easing=\"ease\" data-aos-once=\"true\" class=\"wp-block-uagb-advanced-heading uagb-block-a31acc4b\"><h2 class=\"uagb-heading-text\">4<\/h2><p class=\"uagb-desc-text\">\u00c1reas de Servicio<\/p><\/div>\n<\/div>\n\n\n\n<div class=\"wp-block-uagb-container uagb-block-da66b824\">\n<div data-aos= \"zoom-out-right\" data-aos-duration=\"400\" data-aos-delay=\"0\" data-aos-easing=\"ease\" data-aos-once=\"true\" class=\"wp-block-uagb-advanced-heading uagb-block-1cd463bf\"><h2 class=\"uagb-heading-text\">10<\/h2><p class=\"uagb-desc-text\">A\u00f1os de experiencia<\/p><\/div>\n<\/div>\n\n\n\n<div class=\"wp-block-uagb-container uagb-block-7b0a3db6\">\n<div data-aos= \"zoom-out-right\" data-aos-duration=\"400\" data-aos-delay=\"0\" data-aos-easing=\"ease\" data-aos-once=\"true\" class=\"wp-block-uagb-advanced-heading uagb-block-db326e56\"><h2 class=\"uagb-heading-text\">20<\/h2><p class=\"uagb-desc-text\">Proyectos terminados<\/p><\/div>\n<\/div>\n<\/div>\n\n\n\n<div class=\"wp-block-uagb-container uagb-block-167e0187\">\n<div data-aos= \"slide-up\" data-aos-duration=\"400\" data-aos-delay=\"0\" data-aos-easing=\"ease\" data-aos-once=\"true\" class=\"wp-block-uagb-advanced-heading uagb-block-ffe26263\"><h4 class=\"uagb-heading-text\">Perfil<\/h4><p class=\"uagb-desc-text\">Grupo Pakmary somos una empresa dedicada a la construcci\u00f3n de proyectos civiles, mec\u00e1nicos, el\u00e9ctricos e instrumentaci\u00f3n y control, realizando planificaciones estrat\u00e9gicas para llevar a cabo los proyectos en base a calidad y menos tiempo para satisfacer a nuestros clientes.<\/p><\/div>\n\n\n\n<div data-aos= \"slide-up\" data-aos-duration=\"400\" data-aos-delay=\"0\" data-aos-easing=\"ease\" data-aos-once=\"true\" class=\"wp-block-uagb-advanced-heading uagb-block-3557d0f8\"><h4 class=\"uagb-heading-text\">Experiencia<\/h4><p class=\"uagb-desc-text\">Constamos con experiencia en obras p\u00fablicas y privadas, trabajando siempre de la mano de nuestros clientes y proveedores para fortalecer y afianzar los proyectos.<\/p><\/div>\n\n\n\n<div data-aos= \"slide-up\" data-aos-duration=\"400\" data-aos-delay=\"0\" data-aos-easing=\"ease\" data-aos-once=\"true\" class=\"wp-block-uagb-advanced-heading uagb-block-12724b30\"><h4 class=\"uagb-heading-text\">Misi\u00f3n<\/h4><p class=\"uagb-desc-text\">Posicionarnos como la mejor empresa de construcci\u00f3n, ofreciendo soluciones sostenibles e innovadoras a la diversidad de problemas y necesidades del sector p\u00fablico y privado, trabajando siempre con calidad, tiempos considerables, conciencia ambiental y sentido humano.<\/p><\/div>\n\n\n\n<div data-aos= \"slide-up\" data-aos-duration=\"400\" data-aos-delay=\"0\" data-aos-easing=\"ease\" data-aos-once=\"true\" class=\"wp-block-uagb-advanced-heading uagb-block-923bee4d\"><h4 class=\"uagb-heading-text\">Visi\u00f3n\u200b<\/h4><p class=\"uagb-desc-text\">Afianzarnos como l\u00edderes nacionales en el sector de la construcci\u00f3n, ejecutando proyectos estrat\u00e9gicamente planificados que garanticen calidad, rapidez y soluciones sostenibles frente al cambio clim\u00e1tico.<\/p><\/div>\n<\/div>\n<\/div><\/div>\n\n\n\n<p><\/p>\n","protected":false},"excerpt":{"rendered":"<p>NOSOTROS GRUPO PAKMARY S.A. DE C.V. Somos una empresa fundada en el Estado de M\u00e9xico, con el prop\u00f3sito de ofrecer soluciones a problem\u00e1ticas y necesidades de la industria del sector p\u00fablico y privado relacionadas con la construcci\u00f3n, obra civil, obra mec\u00e1nica, obra el\u00e9ctrica, instrumentaci\u00f3n y control; as\u00ed como proyectos llave en mano. Contamos con la [&hellip;]<\/p>\n","protected":false},"author":1,"featured_media":0,"parent":0,"menu_order":0,"comment_status":"closed","ping_status":"closed","template":"","meta":{"_uag_custom_page_level_css":"","site-sidebar-layout":"no-sidebar","site-content-layout":"plain-container","ast-site-content-layout":"normal-width-container","site-content-style":"unboxed","site-sidebar-style":"unboxed","ast-global-header-display":"","ast-banner-title-visibility":"","ast-main-header-display":"","ast-hfb-above-header-display":"","ast-hfb-below-header-display":"","ast-hfb-mobile-header-display":"","site-post-title":"disabled","ast-breadcrumbs-content":"","ast-featured-img":"disabled","footer-sml-layout":"","ast-disable-related-posts":"","theme-transparent-header-meta":"enabled","adv-header-id-meta":"","stick-header-meta":"","header-above-stick-meta":"","header-main-stick-meta":"","header-below-stick-meta":"","astra-migrate-meta-layouts":"set","ast-page-background-enabled":"default","ast-page-background-meta":{"desktop":{"background-color":"","background-image":"","background-repeat":"repeat","background-position":"center center","background-size":"auto","background-attachment":"scroll","background-type":"","background-media":"","overlay-type":"","overlay-color":"","overlay-opacity":"","overlay-gradient":""},"tablet":{"background-color":"","background-image":"","background-repeat":"repeat","background-position":"center center","background-size":"auto","background-attachment":"scroll","background-type":"","background-media":"","overlay-type":"","overlay-color":"","overlay-opacity":"","overlay-gradient":""},"mobile":{"background-color":"","background-image":"","background-repeat":"repeat","background-position":"center center","background-size":"auto","background-attachment":"scroll","background-type":"","background-media":"","overlay-type":"","overlay-color":"","overlay-opacity":"","overlay-gradient":""}},"ast-content-background-meta":{"desktop":{"background-color":"var(--ast-global-color-5)","background-image":"","background-repeat":"repeat","background-position":"center center","background-size":"auto","background-attachment":"scroll","background-type":"","background-media":"","overlay-type":"","overlay-color":"","overlay-opacity":"","overlay-gradient":""},"tablet":{"background-color":"var(--ast-global-color-5)","background-image":"","background-repeat":"repeat","background-position":"center center","background-size":"auto","background-attachment":"scroll","background-type":"","background-media":"","overlay-type":"","overlay-color":"","overlay-opacity":"","overlay-gradient":""},"mobile":{"background-color":"var(--ast-global-color-5)","background-image":"","background-repeat":"repeat","background-position":"center center","background-size":"auto","background-attachment":"scroll","background-type":"","background-media":"","overlay-type":"","overlay-color":"","overlay-opacity":"","overlay-gradient":""}},"footnotes":""},"class_list":["post-1041","page","type-page","status-publish","hentry"],"uagb_featured_image_src":{"full":false,"thumbnail":false,"medium":false,"medium_large":false,"large":false,"1536x1536":false,"2048x2048":false},"uagb_author_info":{"display_name":"gestion","author_link":"https:\/\/grupopakmary.com.mx\/index.php\/author\/gestion\/"},"uagb_comment_info":0,"uagb_excerpt":"NOSOTROS GRUPO PAKMARY S.A. DE C.V. Somos una empresa fundada en el Estado de M\u00e9xico, con el prop\u00f3sito de ofrecer soluciones a problem\u00e1ticas y necesidades de la industria del sector p\u00fablico y privado relacionadas con la construcci\u00f3n, obra civil, obra mec\u00e1nica, obra el\u00e9ctrica, instrumentaci\u00f3n y control; as\u00ed como proyectos llave en mano. Contamos con la&hellip;","jetpack_sharing_enabled":true,"_links":{"self":[{"href":"https:\/\/grupopakmary.com.mx\/index.php\/wp-json\/wp\/v2\/pages\/1041","targetHints":{"allow":["GET"]}}],"collection":[{"href":"https:\/\/grupopakmary.com.mx\/index.php\/wp-json\/wp\/v2\/pages"}],"about":[{"href":"https:\/\/grupopakmary.com.mx\/index.php\/wp-json\/wp\/v2\/types\/page"}],"author":[{"embeddable":true,"href":"https:\/\/grupopakmary.com.mx\/index.php\/wp-json\/wp\/v2\/users\/1"}],"replies":[{"embeddable":true,"href":"https:\/\/grupopakmary.com.mx\/index.php\/wp-json\/wp\/v2\/comments?post=1041"}],"version-history":[{"count":31,"href":"https:\/\/grupopakmary.com.mx\/index.php\/wp-json\/wp\/v2\/pages\/1041\/revisions"}],"predecessor-version":[{"id":1682,"href":"https:\/\/grupopakmary.com.mx\/index.php\/wp-json\/wp\/v2\/pages\/1041\/revisions\/1682"}],"wp:attachment":[{"href":"https:\/\/grupopakmary.com.mx\/index.php\/wp-json\/wp\/v2\/media?parent=1041"}],"curies":[{"name":"wp","href":"https:\/\/api.w.org\/{rel}","templated":true}]}}